{"id":1007,"date":"2022-07-21T11:56:27","date_gmt":"2022-07-21T09:56:27","guid":{"rendered":"http:\/\/virginie-amendola.fr\/?page_id=1007"},"modified":"2025-12-10T15:58:29","modified_gmt":"2025-12-10T14:58:29","slug":"cours-cuisine-italienne-pates-fraiches-domicile-chez-vous-a-paris","status":"publish","type":"page","link":"https:\/\/virginie-amendola.fr\/","title":{"rendered":"Cours de cuisine italienne, p\u00e2tes fra\u00eeches \u00e0 domicile, Paris"},"content":{"rendered":"\n<p class=\"has-text-align-center has-large-font-size\">Cuisine italienne<br>Cours de p\u00e2tes fra\u00eeches \u00e0 domicile<\/p>\n\n\n\n<figure class=\"wp-block-gallery has-nested-images columns-default is-cropped wp-block-gallery-1 is-layout-flex wp-block-gallery-is-layout-flex\">\n<figure class=\"wp-block-image size-large\"><img loading=\"lazy\" decoding=\"async\" width=\"750\" height=\"1000\" data-id=\"735\" src=\"https:\/\/virginie-amendola.fr\/wp-content\/uploads\/fullsizeoutput_253f.jpeg\" alt=\"\" class=\"wp-image-735\" srcset=\"https:\/\/virginie-amendola.fr\/wp-content\/uploads\/fullsizeoutput_253f.jpeg 750w, https:\/\/virginie-amendola.fr\/wp-content\/uploads\/fullsizeoutput_253f-225x300.jpeg 225w\" sizes=\"auto, (max-width: 706px) 89vw, (max-width: 767px) 82vw, 740px\" \/><\/figure>\n\n\n\n<figure class=\"wp-block-image size-large\"><img loading=\"lazy\" decoding=\"async\" width=\"2000\" height=\"1203\" data-id=\"775\" src=\"https:\/\/virginie-amendola.fr\/wp-content\/uploads\/cropped-DSC_2917-1024x677-1.jpg\" alt=\"\" class=\"wp-image-775\" srcset=\"https:\/\/virginie-amendola.fr\/wp-content\/uploads\/cropped-DSC_2917-1024x677-1.jpg 2000w, https:\/\/virginie-amendola.fr\/wp-content\/uploads\/cropped-DSC_2917-1024x677-1-300x180.jpg 300w, https:\/\/virginie-amendola.fr\/wp-content\/uploads\/cropped-DSC_2917-1024x677-1-1024x616.jpg 1024w, https:\/\/virginie-amendola.fr\/wp-content\/uploads\/cropped-DSC_2917-1024x677-1-768x462.jpg 768w, https:\/\/virginie-amendola.fr\/wp-content\/uploads\/cropped-DSC_2917-1024x677-1-1536x924.jpg 1536w\" sizes=\"auto, (max-width: 767px) 89vw, (max-width: 1000px) 54vw, (max-width: 1071px) 543px, 580px\" \/><\/figure>\n\n\n\n<figure class=\"wp-block-image size-large\"><img loading=\"lazy\" decoding=\"async\" width=\"1134\" height=\"1418\" data-id=\"950\" src=\"https:\/\/virginie-amendola.fr\/wp-content\/uploads\/8578315D-F768-4B35-B3F9-F3A6B4A7DA10.jpg\" alt=\"\" class=\"wp-image-950\" srcset=\"https:\/\/virginie-amendola.fr\/wp-content\/uploads\/8578315D-F768-4B35-B3F9-F3A6B4A7DA10.jpg 1134w, https:\/\/virginie-amendola.fr\/wp-content\/uploads\/8578315D-F768-4B35-B3F9-F3A6B4A7DA10-240x300.jpg 240w, https:\/\/virginie-amendola.fr\/wp-content\/uploads\/8578315D-F768-4B35-B3F9-F3A6B4A7DA10-819x1024.jpg 819w, https:\/\/virginie-amendola.fr\/wp-content\/uploads\/8578315D-F768-4B35-B3F9-F3A6B4A7DA10-768x960.jpg 768w\" sizes=\"auto, (max-width: 767px) 89vw, (max-width: 1000px) 54vw, (max-width: 1071px) 543px, 580px\" \/><\/figure>\n<\/figure>\n\n\n\n<p class=\"has-text-align-center has-medium-font-size\"><strong>Atelier PASTA FRESCA, Paris<\/strong><br>J&rsquo;organise des cours de p\u00e2tes fra\u00eeches \u00e0 votre domicile.<br>Le samedi entre 10h et 18h.<br>Fran\u00e7ais et anglais.<br>Pour les d\u00e9butants et les semi-confirm\u00e9s.<br>En famille, entre amis ou en solo.<br><strong>A Paris uniquement (code postal 75) accessible m\u00e9tro<\/strong>.<br><strong>Non ouvert aux professionnels de la cuisine<\/strong>.<br>Les teambuildings, c&rsquo;est fini !<\/p>\n\n\n\n<figure class=\"wp-block-gallery has-nested-images columns-default is-cropped wp-block-gallery-2 is-layout-flex wp-block-gallery-is-layout-flex\">\n<figure class=\"wp-block-image size-large\"><img loading=\"lazy\" decoding=\"async\" width=\"1024\" height=\"678\" data-id=\"417\" src=\"https:\/\/virginie-amendola.fr\/wp-content\/uploads\/2019\/02\/DSC_3069-1024x678.jpg\" alt=\"\" class=\"wp-image-417\" srcset=\"https:\/\/virginie-amendola.fr\/wp-content\/uploads\/2019\/02\/DSC_3069-1024x678.jpg 1024w, https:\/\/virginie-amendola.fr\/wp-content\/uploads\/2019\/02\/DSC_3069-300x199.jpg 300w, https:\/\/virginie-amendola.fr\/wp-content\/uploads\/2019\/02\/DSC_3069-768x509.jpg 768w\" sizes=\"auto, (max-width: 767px) 89vw, (max-width: 1000px) 54vw, (max-width: 1071px) 543px, 580px\" \/><\/figure>\n\n\n\n<figure class=\"wp-block-image size-large\"><img loading=\"lazy\" decoding=\"async\" width=\"576\" height=\"1024\" data-id=\"1141\" src=\"https:\/\/virginie-amendola.fr\/wp-content\/uploads\/IMG_3918-576x1024.jpeg\" alt=\"\" class=\"wp-image-1141\" srcset=\"https:\/\/virginie-amendola.fr\/wp-content\/uploads\/IMG_3918-576x1024.jpeg 576w, https:\/\/virginie-amendola.fr\/wp-content\/uploads\/IMG_3918-169x300.jpeg 169w, https:\/\/virginie-amendola.fr\/wp-content\/uploads\/IMG_3918-768x1365.jpeg 768w, https:\/\/virginie-amendola.fr\/wp-content\/uploads\/IMG_3918-864x1536.jpeg 864w, https:\/\/virginie-amendola.fr\/wp-content\/uploads\/IMG_3918-1152x2048.jpeg 1152w, https:\/\/virginie-amendola.fr\/wp-content\/uploads\/IMG_3918-scaled.jpeg 1440w\" sizes=\"auto, (max-width: 576px) 100vw, 576px\" \/><\/figure>\n\n\n\n<figure class=\"wp-block-image size-large\"><img loading=\"lazy\" decoding=\"async\" width=\"768\" height=\"1024\" data-id=\"943\" src=\"https:\/\/virginie-amendola.fr\/wp-content\/uploads\/IMG_1981-768x1024.jpg\" alt=\"\" class=\"wp-image-943\" srcset=\"https:\/\/virginie-amendola.fr\/wp-content\/uploads\/IMG_1981-768x1024.jpg 768w, https:\/\/virginie-amendola.fr\/wp-content\/uploads\/IMG_1981-225x300.jpg 225w, https:\/\/virginie-amendola.fr\/wp-content\/uploads\/IMG_1981-1152x1536.jpg 1152w, https:\/\/virginie-amendola.fr\/wp-content\/uploads\/IMG_1981-rotated.jpg 1512w\" sizes=\"auto, (max-width: 767px) 89vw, (max-width: 1000px) 54vw, (max-width: 1071px) 543px, 580px\" \/><\/figure>\n<\/figure>\n\n\n\n<p class=\"has-medium-font-size\">Comment cela s&rsquo;organise?<br>1. on choisit une date ensemble pour votre cours de p\u00e2tes fra\u00eeches (samedi entre 10h et 18H)<br>2. on signe via le versement de 50\u20ac d&rsquo;arrhes (le reste est \u00e0 payer le jour du cours, \u00e0 mon arriv\u00e9e )<br>3. j&rsquo;arrive dans votre cuisine le jour s\u00e9lectionn\u00e9 : vous avez fait les courses, j&rsquo;am\u00e8ne le mat\u00e9riel<br>4. on cuisine, on partage, on s&rsquo;amuse, et on apprend<\/p>\n\n\n\n<figure class=\"wp-block-gallery has-nested-images columns-default is-cropped wp-block-gallery-3 is-layout-flex wp-block-gallery-is-layout-flex\">\n<figure class=\"wp-block-image size-large\"><img loading=\"lazy\" decoding=\"async\" width=\"836\" height=\"1024\" data-id=\"852\" src=\"https:\/\/virginie-amendola.fr\/wp-content\/uploads\/C89625C7-F14B-45D2-B0D9-DD72AF961FC5-836x1024.jpg\" alt=\"\" class=\"wp-image-852\" srcset=\"https:\/\/virginie-amendola.fr\/wp-content\/uploads\/C89625C7-F14B-45D2-B0D9-DD72AF961FC5-836x1024.jpg 836w, https:\/\/virginie-amendola.fr\/wp-content\/uploads\/C89625C7-F14B-45D2-B0D9-DD72AF961FC5-245x300.jpg 245w, https:\/\/virginie-amendola.fr\/wp-content\/uploads\/C89625C7-F14B-45D2-B0D9-DD72AF961FC5-768x941.jpg 768w, https:\/\/virginie-amendola.fr\/wp-content\/uploads\/C89625C7-F14B-45D2-B0D9-DD72AF961FC5-1254x1536.jpg 1254w, https:\/\/virginie-amendola.fr\/wp-content\/uploads\/C89625C7-F14B-45D2-B0D9-DD72AF961FC5.jpg 1512w\" sizes=\"auto, (max-width: 767px) 89vw, (max-width: 1000px) 54vw, (max-width: 1071px) 543px, 580px\" \/><\/figure>\n\n\n\n<figure class=\"wp-block-image size-large\"><img loading=\"lazy\" decoding=\"async\" width=\"1160\" height=\"1544\" data-id=\"842\" src=\"https:\/\/virginie-amendola.fr\/wp-content\/uploads\/IMG_0128.jpg\" alt=\"\" class=\"wp-image-842\" srcset=\"https:\/\/virginie-amendola.fr\/wp-content\/uploads\/IMG_0128.jpg 1160w, https:\/\/virginie-amendola.fr\/wp-content\/uploads\/IMG_0128-225x300.jpg 225w, https:\/\/virginie-amendola.fr\/wp-content\/uploads\/IMG_0128-769x1024.jpg 769w, https:\/\/virginie-amendola.fr\/wp-content\/uploads\/IMG_0128-768x1022.jpg 768w, https:\/\/virginie-amendola.fr\/wp-content\/uploads\/IMG_0128-1154x1536.jpg 1154w\" sizes=\"auto, (max-width: 767px) 89vw, (max-width: 1000px) 54vw, (max-width: 1071px) 543px, 580px\" \/><\/figure>\n\n\n\n<figure class=\"wp-block-image size-large\"><img loading=\"lazy\" decoding=\"async\" width=\"2341\" height=\"3224\" data-id=\"737\" src=\"https:\/\/virginie-amendola.fr\/wp-content\/uploads\/fullsizeoutput_2548.jpeg\" alt=\"\" class=\"wp-image-737\" srcset=\"https:\/\/virginie-amendola.fr\/wp-content\/uploads\/fullsizeoutput_2548.jpeg 2341w, https:\/\/virginie-amendola.fr\/wp-content\/uploads\/fullsizeoutput_2548-218x300.jpeg 218w, https:\/\/virginie-amendola.fr\/wp-content\/uploads\/fullsizeoutput_2548-768x1058.jpeg 768w, https:\/\/virginie-amendola.fr\/wp-content\/uploads\/fullsizeoutput_2548-744x1024.jpeg 744w\" sizes=\"auto, (max-width: 767px) 89vw, (max-width: 1000px) 54vw, (max-width: 1071px) 543px, 580px\" \/><\/figure>\n<\/figure>\n\n\n\n<p class=\"has-text-align-center has-normal-font-size\"><strong>N&rsquo;h\u00e9sitez pas \u00e0 me poser des questions via le <a aria-label=\"formulaire de contact (s\u2019ouvre dans un nouvel onglet)\" href=\"https:\/\/virginie-amendola.fr\/index.php\/contact\/\" target=\"_blank\" rel=\"noreferrer noopener\">formulaire de contact<\/a> plus bas <\/strong><br><strong>et \u00e0 r\u00e9server votre premier cours de p\u00e2tes \u00ab\u00a0PASTA FRESCA\u00a0\u00bb.<\/strong><\/p>\n\n\n\n<p class=\"has-text-align-center\" style=\"font-size:20px\"><strong>Tarifs Particuliers \u00e0 domicile <\/strong>le samedi entre 10H et 18H.<br><strong>1 \u00e0 2 personnes<\/strong> : <strong>250\u20ac TTC<\/strong>.<br><strong>1 \u00e0 2 personnes<\/strong> : <strong>200\u20ac TTC<\/strong> si cours duo parent + enfant de moins de 15 ans.<br>A partir de 6 ans; les petits boubous de 5 ans et moins sont admis en auditeurs libres non payants et peuvent participer \u00e0 leur guise.<br><br>Menu pour 3h de cours : <br>2 types de p\u00e2tes (1 forme de p\u00e2tes fra\u00eeches \u00e0 la main + 1 forme de p\u00e2tes fra\u00eeches avec le laminoir), <br>+ 1 sauce tomate italienne +1 pesto vert v\u00e9g\u00e9tal.<br><br>Pour toute personne suppl\u00e9mentaire, comptez 50\u20acttc pour les 3h.<br><strong>D\u00e9placement \u00e0 Paris ou pied de m\u00e9tro uniquement.<\/strong><br>La pr\u00e9sence d&rsquo;un adulte participant est obligatoire.<\/p>\n\n\n\n<p class=\"has-text-align-center has-medium-font-size\"><br><strong><em>Si vous \u00eates cuisinier ou restaurateur<\/em> : je ne donne plus de cours pour le moment.<br>Je ne donne pas de cours aux personnes souhaitant cr\u00e9er un cours de cuisine italienne.<\/strong><\/p>\n\n\n\n<p><\/p>\n","protected":false},"excerpt":{"rendered":"<p>Cuisine italienneCours de p\u00e2tes fra\u00eeches \u00e0 domicile Atelier PASTA FRESCA, ParisJ&rsquo;organise des cours de p\u00e2tes fra\u00eeches \u00e0 votre domicile.Le samedi entre 10h et 18h.Fran\u00e7ais et anglais.Pour les d\u00e9butants et les semi-confirm\u00e9s.En famille, entre amis ou en solo.A Paris uniquement (code postal 75) accessible m\u00e9tro.Non ouvert aux professionnels de la cuisine.Les teambuildings, c&rsquo;est fini ! Comment &hellip; <\/p>\n<p class=\"link-more\"><a href=\"https:\/\/virginie-amendola.fr\/\" class=\"more-link\">Continuer la lecture<span class=\"screen-reader-text\"> de &laquo;&nbsp;Cours de cuisine italienne, p\u00e2tes fra\u00eeches \u00e0 domicile, Paris&nbsp;&raquo;<\/span><\/a><\/p>\n","protected":false},"author":1,"featured_media":735,"parent":0,"menu_order":0,"comment_status":"closed","ping_status":"closed","template":"","meta":{"_exactmetrics_skip_tracking":false,"_exactmetrics_sitenote_active":false,"_exactmetrics_sitenote_note":"","_exactmetrics_sitenote_category":0,"footnotes":""},"class_list":["post-1007","page","type-page","status-publish","has-post-thumbnail","hentry"],"yoast_head":"<!-- This site is optimized with the Yoast SEO plugin v27.3 - https:\/\/yoast.com\/product\/yoast-seo-wordpress\/ -->\n<title>Cours de cuisine italienne, p\u00e2tes fra\u00eeches \u00e0 domicile, Paris - Cuisine maison \u00e0 Paris<\/title>\n<meta name=\"description\" content=\"Cours priv\u00e9 de p\u00e2tes fra\u00eeches chez vous, \u00e0 domicile, \u00e0 Paris. Vous apprenez toutes les bases pour ma\u00eetriser l&#039;art des p\u00e2tes fra\u00eeches.\" \/>\n<meta name=\"robots\" content=\"index, follow, max-snippet:-1, max-image-preview:large, max-video-preview:-1\" \/>\n<link rel=\"canonical\" href=\"https:\/\/virginie-amendola.fr\/\" \/>\n<meta property=\"og:locale\" content=\"fr_FR\" \/>\n<meta property=\"og:type\" content=\"article\" \/>\n<meta property=\"og:title\" content=\"Cours de cuisine italienne, p\u00e2tes fra\u00eeches \u00e0 domicile, Paris - Cuisine maison \u00e0 Paris\" \/>\n<meta property=\"og:description\" content=\"Cours priv\u00e9 de p\u00e2tes fra\u00eeches chez vous, \u00e0 domicile, \u00e0 Paris. Vous apprenez toutes les bases pour ma\u00eetriser l&#039;art des p\u00e2tes fra\u00eeches.\" \/>\n<meta property=\"og:url\" content=\"https:\/\/virginie-amendola.fr\/\" \/>\n<meta property=\"og:site_name\" content=\"Cuisine maison \u00e0 Paris\" \/>\n<meta property=\"article:modified_time\" content=\"2025-12-10T14:58:29+00:00\" \/>\n<meta property=\"og:image\" content=\"https:\/\/virginie-amendola.fr\/wp-content\/uploads\/fullsizeoutput_253f.jpeg\" \/>\n\t<meta property=\"og:image:width\" content=\"750\" \/>\n\t<meta property=\"og:image:height\" content=\"1000\" \/>\n\t<meta property=\"og:image:type\" content=\"image\/jpeg\" \/>\n<meta name=\"twitter:card\" content=\"summary_large_image\" \/>\n<meta name=\"twitter:label1\" content=\"Dur\u00e9e de lecture estim\u00e9e\" \/>\n\t<meta name=\"twitter:data1\" content=\"4 minutes\" \/>\n<script type=\"application\/ld+json\" class=\"yoast-schema-graph\">{\"@context\":\"https:\\\/\\\/schema.org\",\"@graph\":[{\"@type\":\"WebPage\",\"@id\":\"https:\\\/\\\/virginie-amendola.fr\\\/\",\"url\":\"https:\\\/\\\/virginie-amendola.fr\\\/\",\"name\":\"Cours de cuisine italienne, p\u00e2tes fra\u00eeches \u00e0 domicile, Paris - Cuisine maison \u00e0 Paris\",\"isPartOf\":{\"@id\":\"https:\\\/\\\/virginie-amendola.fr\\\/#website\"},\"primaryImageOfPage\":{\"@id\":\"https:\\\/\\\/virginie-amendola.fr\\\/#primaryimage\"},\"image\":{\"@id\":\"https:\\\/\\\/virginie-amendola.fr\\\/#primaryimage\"},\"thumbnailUrl\":\"https:\\\/\\\/virginie-amendola.fr\\\/wp-content\\\/uploads\\\/fullsizeoutput_253f.jpeg\",\"datePublished\":\"2022-07-21T09:56:27+00:00\",\"dateModified\":\"2025-12-10T14:58:29+00:00\",\"description\":\"Cours priv\u00e9 de p\u00e2tes fra\u00eeches chez vous, \u00e0 domicile, \u00e0 Paris. Vous apprenez toutes les bases pour ma\u00eetriser l'art des p\u00e2tes fra\u00eeches.\",\"breadcrumb\":{\"@id\":\"https:\\\/\\\/virginie-amendola.fr\\\/#breadcrumb\"},\"inLanguage\":\"fr-FR\",\"potentialAction\":[{\"@type\":\"ReadAction\",\"target\":[\"https:\\\/\\\/virginie-amendola.fr\\\/\"]}]},{\"@type\":\"ImageObject\",\"inLanguage\":\"fr-FR\",\"@id\":\"https:\\\/\\\/virginie-amendola.fr\\\/#primaryimage\",\"url\":\"https:\\\/\\\/virginie-amendola.fr\\\/wp-content\\\/uploads\\\/fullsizeoutput_253f.jpeg\",\"contentUrl\":\"https:\\\/\\\/virginie-amendola.fr\\\/wp-content\\\/uploads\\\/fullsizeoutput_253f.jpeg\",\"width\":750,\"height\":1000,\"caption\":\"pates fraiches paris cuisine cours domicile ravioli\"},{\"@type\":\"BreadcrumbList\",\"@id\":\"https:\\\/\\\/virginie-amendola.fr\\\/#breadcrumb\",\"itemListElement\":[{\"@type\":\"ListItem\",\"position\":1,\"name\":\"Accueil\",\"item\":\"https:\\\/\\\/virginie-amendola.fr\\\/\"},{\"@type\":\"ListItem\",\"position\":2,\"name\":\"Cours de cuisine italienne, p\u00e2tes fra\u00eeches \u00e0 domicile, Paris\"}]},{\"@type\":\"WebSite\",\"@id\":\"https:\\\/\\\/virginie-amendola.fr\\\/#website\",\"url\":\"https:\\\/\\\/virginie-amendola.fr\\\/\",\"name\":\"Cuisine maison \u00e0 Paris\",\"description\":\"cours de p\u00e2tes fra\u00eeches v\u00e9g\u00e9tariens et buffets pour petits groupes\",\"potentialAction\":[{\"@type\":\"SearchAction\",\"target\":{\"@type\":\"EntryPoint\",\"urlTemplate\":\"https:\\\/\\\/virginie-amendola.fr\\\/?s={search_term_string}\"},\"query-input\":{\"@type\":\"PropertyValueSpecification\",\"valueRequired\":true,\"valueName\":\"search_term_string\"}}],\"inLanguage\":\"fr-FR\"}]}<\/script>\n<!-- \/ Yoast SEO plugin. -->","yoast_head_json":{"title":"Cours de cuisine italienne, p\u00e2tes fra\u00eeches \u00e0 domicile, Paris - Cuisine maison \u00e0 Paris","description":"Cours priv\u00e9 de p\u00e2tes fra\u00eeches chez vous, \u00e0 domicile, \u00e0 Paris. Vous apprenez toutes les bases pour ma\u00eetriser l'art des p\u00e2tes fra\u00eeches.","robots":{"index":"index","follow":"follow","max-snippet":"max-snippet:-1","max-image-preview":"max-image-preview:large","max-video-preview":"max-video-preview:-1"},"canonical":"https:\/\/virginie-amendola.fr\/","og_locale":"fr_FR","og_type":"article","og_title":"Cours de cuisine italienne, p\u00e2tes fra\u00eeches \u00e0 domicile, Paris - Cuisine maison \u00e0 Paris","og_description":"Cours priv\u00e9 de p\u00e2tes fra\u00eeches chez vous, \u00e0 domicile, \u00e0 Paris. Vous apprenez toutes les bases pour ma\u00eetriser l'art des p\u00e2tes fra\u00eeches.","og_url":"https:\/\/virginie-amendola.fr\/","og_site_name":"Cuisine maison \u00e0 Paris","article_modified_time":"2025-12-10T14:58:29+00:00","og_image":[{"width":750,"height":1000,"url":"https:\/\/virginie-amendola.fr\/wp-content\/uploads\/fullsizeoutput_253f.jpeg","type":"image\/jpeg"}],"twitter_card":"summary_large_image","twitter_misc":{"Dur\u00e9e de lecture estim\u00e9e":"4 minutes"},"schema":{"@context":"https:\/\/schema.org","@graph":[{"@type":"WebPage","@id":"https:\/\/virginie-amendola.fr\/","url":"https:\/\/virginie-amendola.fr\/","name":"Cours de cuisine italienne, p\u00e2tes fra\u00eeches \u00e0 domicile, Paris - Cuisine maison \u00e0 Paris","isPartOf":{"@id":"https:\/\/virginie-amendola.fr\/#website"},"primaryImageOfPage":{"@id":"https:\/\/virginie-amendola.fr\/#primaryimage"},"image":{"@id":"https:\/\/virginie-amendola.fr\/#primaryimage"},"thumbnailUrl":"https:\/\/virginie-amendola.fr\/wp-content\/uploads\/fullsizeoutput_253f.jpeg","datePublished":"2022-07-21T09:56:27+00:00","dateModified":"2025-12-10T14:58:29+00:00","description":"Cours priv\u00e9 de p\u00e2tes fra\u00eeches chez vous, \u00e0 domicile, \u00e0 Paris. Vous apprenez toutes les bases pour ma\u00eetriser l'art des p\u00e2tes fra\u00eeches.","breadcrumb":{"@id":"https:\/\/virginie-amendola.fr\/#breadcrumb"},"inLanguage":"fr-FR","potentialAction":[{"@type":"ReadAction","target":["https:\/\/virginie-amendola.fr\/"]}]},{"@type":"ImageObject","inLanguage":"fr-FR","@id":"https:\/\/virginie-amendola.fr\/#primaryimage","url":"https:\/\/virginie-amendola.fr\/wp-content\/uploads\/fullsizeoutput_253f.jpeg","contentUrl":"https:\/\/virginie-amendola.fr\/wp-content\/uploads\/fullsizeoutput_253f.jpeg","width":750,"height":1000,"caption":"pates fraiches paris cuisine cours domicile ravioli"},{"@type":"BreadcrumbList","@id":"https:\/\/virginie-amendola.fr\/#breadcrumb","itemListElement":[{"@type":"ListItem","position":1,"name":"Accueil","item":"https:\/\/virginie-amendola.fr\/"},{"@type":"ListItem","position":2,"name":"Cours de cuisine italienne, p\u00e2tes fra\u00eeches \u00e0 domicile, Paris"}]},{"@type":"WebSite","@id":"https:\/\/virginie-amendola.fr\/#website","url":"https:\/\/virginie-amendola.fr\/","name":"Cuisine maison \u00e0 Paris","description":"cours de p\u00e2tes fra\u00eeches v\u00e9g\u00e9tariens et buffets pour petits groupes","potentialAction":[{"@type":"SearchAction","target":{"@type":"EntryPoint","urlTemplate":"https:\/\/virginie-amendola.fr\/?s={search_term_string}"},"query-input":{"@type":"PropertyValueSpecification","valueRequired":true,"valueName":"search_term_string"}}],"inLanguage":"fr-FR"}]}},"_links":{"self":[{"href":"https:\/\/virginie-amendola.fr\/index.php\/wp-json\/wp\/v2\/pages\/1007","targetHints":{"allow":["GET"]}}],"collection":[{"href":"https:\/\/virginie-amendola.fr\/index.php\/wp-json\/wp\/v2\/pages"}],"about":[{"href":"https:\/\/virginie-amendola.fr\/index.php\/wp-json\/wp\/v2\/types\/page"}],"author":[{"embeddable":true,"href":"https:\/\/virginie-amendola.fr\/index.php\/wp-json\/wp\/v2\/users\/1"}],"replies":[{"embeddable":true,"href":"https:\/\/virginie-amendola.fr\/index.php\/wp-json\/wp\/v2\/comments?post=1007"}],"version-history":[{"count":24,"href":"https:\/\/virginie-amendola.fr\/index.php\/wp-json\/wp\/v2\/pages\/1007\/revisions"}],"predecessor-version":[{"id":1304,"href":"https:\/\/virginie-amendola.fr\/index.php\/wp-json\/wp\/v2\/pages\/1007\/revisions\/1304"}],"wp:featuredmedia":[{"embeddable":true,"href":"https:\/\/virginie-amendola.fr\/index.php\/wp-json\/wp\/v2\/media\/735"}],"wp:attachment":[{"href":"https:\/\/virginie-amendola.fr\/index.php\/wp-json\/wp\/v2\/media?parent=1007"}],"curies":[{"name":"wp","href":"https:\/\/api.w.org\/{rel}","templated":true}]}}